{"id":4692,"date":"2022-11-16T09:43:30","date_gmt":"2022-11-16T08:43:30","guid":{"rendered":"https:\/\/eisesschatten-escape-game.de\/?page_id=4692"},"modified":"2022-12-06T14:06:27","modified_gmt":"2022-12-06T13:06:27","slug":"ranking","status":"publish","type":"page","link":"https:\/\/eisesschatten-escape-game.de\/?page_id=4692","title":{"rendered":"Ranking"},"content":{"rendered":"<p>[et_pb_section fb_built=&#8220;1&#8243; _builder_version=&#8220;4.19.0&#8243; background_color=&#8220;#00141E&#8220; background_image=&#8220;https:\/\/eisesschatten-escape-game.de\/wp-content\/uploads\/2022\/11\/P2801-OEG-Eisesschatten-00-Hintergrund.jpg&#8220; parallax=&#8220;on&#8220; parallax_method=&#8220;off&#8220; custom_margin=&#8220;0px||||false|false&#8220; custom_padding=&#8220;0px||||false|false&#8220; global_colors_info=&#8220;{}&#8220;][et_pb_row column_structure=&#8220;1_4,1_2,1_4&#8243; _builder_version=&#8220;4.18.0&#8243; custom_margin=&#8220;||||false|false&#8220; custom_padding=&#8220;||0px||false|false&#8220; global_colors_info=&#8220;{}&#8220;][et_pb_column type=&#8220;1_4&#8243; _builder_version=&#8220;4.16&#8243; global_colors_info=&#8220;{}&#8220;][et_pb_text module_id=&#8220;sse-scoreboard&#8220; _builder_version=&#8220;4.19.0&#8243; text_font=&#8220;||||||||&#8220; text_text_color=&#8220;#575756&#8243; header_font=&#8220;|800|||||||&#8220; header_text_color=&#8220;#ffffff&#8220; header_font_size=&#8220;45px&#8220; header_2_font=&#8220;||||||||&#8220; header_2_text_color=&#8220;#ffffff&#8220; header_2_font_size=&#8220;30px&#8220; custom_margin=&#8220;28px||-1px||false|false&#8220; custom_padding=&#8220;0px||0px||false|false&#8220; global_colors_info=&#8220;{}&#8220;]<\/p>\n<p style=\"text-align: left;\">Deine Punkte<br \/><strong>0<\/strong><\/p>\n<p>[\/et_pb_text][\/et_pb_column][et_pb_column type=&#8220;1_2&#8243; _builder_version=&#8220;4.16&#8243; global_colors_info=&#8220;{}&#8220;][et_pb_text _builder_version=&#8220;4.19.0&#8243; text_text_color=&#8220;#ffffff&#8220; header_font=&#8220;||||||||&#8220; header_text_color=&#8220;#575756&#8243; header_font_size=&#8220;40px&#8220; header_2_font=&#8220;||||||||&#8220; header_2_text_color=&#8220;#575756&#8243; header_2_font_size=&#8220;30px&#8220; custom_margin=&#8220;20px|0px|-1px||false|false&#8220; custom_padding=&#8220;0px|0px|0px||false|false&#8220; global_colors_info=&#8220;{}&#8220;]<\/p>\n<h1 style=\"text-align: center;\">Ranking<\/h1>\n<p>&nbsp;<\/p>\n<p>[\/et_pb_text][\/et_pb_column][et_pb_column type=&#8220;1_4&#8243; _builder_version=&#8220;4.16&#8243; global_colors_info=&#8220;{}&#8220;][\/et_pb_column][\/et_pb_row][et_pb_row _builder_version=&#8220;4.18.0&#8243; _module_preset=&#8220;default&#8220; custom_margin=&#8220;0px||||false|false&#8220; custom_padding=&#8220;0px||0px||false|false&#8220; global_colors_info=&#8220;{}&#8220;][et_pb_column type=&#8220;4_4&#8243; _builder_version=&#8220;4.18.0&#8243; _module_preset=&#8220;default&#8220; global_colors_info=&#8220;{}&#8220;][et_pb_divider color=&#8220;#A01313&#8243; _builder_version=&#8220;4.19.0&#8243; _module_preset=&#8220;default&#8220; global_colors_info=&#8220;{}&#8220;][\/et_pb_divider][\/et_pb_column][\/et_pb_row][et_pb_row column_structure=&#8220;1_5,1_5,1_5,1_5,1_5&#8243; _builder_version=&#8220;4.19.0&#8243; _module_preset=&#8220;default&#8220; background_color=&#8220;RGBA(255,255,255,0)&#8220; custom_margin=&#8220;30px||30px||false|false&#8220; custom_padding=&#8220;|20px||20px|false|false&#8220; global_colors_info=&#8220;{}&#8220; locked=&#8220;off&#8220;][et_pb_column type=&#8220;1_5&#8243; _builder_version=&#8220;4.19.0&#8243; _module_preset=&#8220;default&#8220; custom_padding=&#8220;0px||||false|false&#8220; border_color_all=&#8220;#575756&#8243; global_colors_info=&#8220;{}&#8220;][et_pb_circle_counter title=&#8220;40 Punkte&#8220; number=&#8220;100&#8243; bar_bg_color=&#8220;#A01313&#8243; _builder_version=&#8220;4.19.0&#8243; _module_preset=&#8220;default&#8220; title_font=&#8220;||||||||&#8220; title_text_color=&#8220;#575756&#8243; number_font=&#8220;|600|||||||&#8220; number_text_color=&#8220;#A01313&#8243; background_color=&#8220;RGBA(255,255,255,0)&#8220; hover_enabled=&#8220;0&#8243; border_color_all=&#8220;#575756&#8243; global_colors_info=&#8220;{}&#8220; sticky_enabled=&#8220;0&#8243;][\/et_pb_circle_counter][et_pb_text _builder_version=&#8220;4.19.0&#8243; _module_preset=&#8220;default&#8220; text_font=&#8220;|600|||||||&#8220; text_text_color=&#8220;#575756&#8243; background_color=&#8220;RGBA(255,255,255,0)&#8220; border_color_all=&#8220;#575756&#8243; global_colors_info=&#8220;{}&#8220;]<\/p>\n<p style=\"text-align: center;\"><strong>Meisterhafter Verbrecher<\/strong><\/p>\n<p style=\"text-align: center;\">Bravo! Du konntest die Polizei erfolgreich absch\u00fctteln und deine Tat vertuschen. Andere Verbrecher k\u00f6nnen echt was von dir lernen!<\/p>\n<p>[\/et_pb_text][\/et_pb_column][et_pb_column type=&#8220;1_5&#8243; _builder_version=&#8220;4.19.0&#8243; _module_preset=&#8220;default&#8220; border_color_all=&#8220;#575756&#8243; global_colors_info=&#8220;{}&#8220;][et_pb_circle_counter title=&#8220;30-39 Punkte&#8220; number=&#8220;80&#8243; bar_bg_color=&#8220;#A01313&#8243; _builder_version=&#8220;4.19.0&#8243; _module_preset=&#8220;default&#8220; title_font=&#8220;||||||||&#8220; title_text_color=&#8220;#575756&#8243; number_font=&#8220;|600|||||||&#8220; number_text_color=&#8220;#A01313&#8243; background_color=&#8220;RGBA(255,255,255,0)&#8220; hover_enabled=&#8220;0&#8243; border_color_all=&#8220;#575756&#8243; global_colors_info=&#8220;{}&#8220; sticky_enabled=&#8220;0&#8243;][\/et_pb_circle_counter][et_pb_text _builder_version=&#8220;4.19.0&#8243; _module_preset=&#8220;default&#8220; text_font=&#8220;|600|||||||&#8220; text_text_color=&#8220;#575756&#8243; background_color=&#8220;RGBA(255,255,255,0)&#8220; border_color_all=&#8220;#575756&#8243; global_colors_info=&#8220;{}&#8220;]<\/p>\n<p style=\"text-align: center;\"><strong>Guter Ganove<\/strong><\/p>\n<p style=\"text-align: center;\">Sehr gut gemacht! Die Polizei sollte erstmal kein Problem mehr f\u00fcr dich sein, doch n\u00e4chstes mal solltest du vorsichtiger sein, damit das auch so bleibt.<\/p>\n<p>[\/et_pb_text][\/et_pb_column][et_pb_column type=&#8220;1_5&#8243; _builder_version=&#8220;4.19.0&#8243; _module_preset=&#8220;default&#8220; border_color_all=&#8220;#575756&#8243; global_colors_info=&#8220;{}&#8220;][et_pb_circle_counter title=&#8220;20-29 Punkte&#8220; number=&#8220;60&#8243; bar_bg_color=&#8220;#A01313&#8243; _builder_version=&#8220;4.19.0&#8243; _module_preset=&#8220;default&#8220; title_font=&#8220;||||||||&#8220; title_text_color=&#8220;#575756&#8243; number_font=&#8220;|600|||||||&#8220; number_text_color=&#8220;#A01313&#8243; background_color=&#8220;RGBA(255,255,255,0)&#8220; hover_enabled=&#8220;0&#8243; border_color_all=&#8220;#575756&#8243; global_colors_info=&#8220;{}&#8220; sticky_enabled=&#8220;0&#8243;][\/et_pb_circle_counter][et_pb_text _builder_version=&#8220;4.19.0&#8243; _module_preset=&#8220;default&#8220; text_font=&#8220;|600|||||||&#8220; text_text_color=&#8220;#575756&#8243; background_color=&#8220;RGBA(255,255,255,0)&#8220; border_color_all=&#8220;#575756&#8243; global_colors_info=&#8220;{}&#8220;]<\/p>\n<p style=\"text-align: center;\"><strong>Kleinkrimineller<\/strong><\/p>\n<p style=\"text-align: center;\">Nun ja&#8230; das h\u00e4tte besser laufen k\u00f6nnen, oder?<br \/>Sei n\u00e4chstes mal noch genauer, ansonsten kann das b\u00f6se f\u00fcr dich enden.<\/p>\n<p>[\/et_pb_text][\/et_pb_column][et_pb_column type=&#8220;1_5&#8243; _builder_version=&#8220;4.19.0&#8243; _module_preset=&#8220;default&#8220; border_color_all=&#8220;#575756&#8243; global_colors_info=&#8220;{}&#8220;][et_pb_circle_counter title=&#8220;10-19 Punkte&#8220; number=&#8220;40&#8243; bar_bg_color=&#8220;#A01313&#8243; _builder_version=&#8220;4.19.0&#8243; _module_preset=&#8220;default&#8220; title_font=&#8220;||||||||&#8220; title_text_color=&#8220;#575756&#8243; number_font=&#8220;|600|||||||&#8220; number_text_color=&#8220;#A01313&#8243; background_color=&#8220;RGBA(255,255,255,0)&#8220; hover_enabled=&#8220;0&#8243; border_color_all=&#8220;#575756&#8243; global_colors_info=&#8220;{}&#8220; sticky_enabled=&#8220;0&#8243;][\/et_pb_circle_counter][et_pb_text _builder_version=&#8220;4.19.0&#8243; _module_preset=&#8220;default&#8220; text_font=&#8220;|600|||||||&#8220; text_text_color=&#8220;#575756&#8243; background_color=&#8220;RGBA(255,255,255,0)&#8220; border_color_all=&#8220;#575756&#8243; global_colors_info=&#8220;{}&#8220;]<\/p>\n<p style=\"text-align: center;\"><strong>M\u00f6chtegern-Entf\u00fchrer<\/strong><\/p>\n<p style=\"text-align: center;\">Vielleicht solltest du nochmal \u00fcberlegen, ob du wirklich ein Verbrecher sein willst&#8230;<\/p>\n<p>[\/et_pb_text][\/et_pb_column][et_pb_column type=&#8220;1_5&#8243; _builder_version=&#8220;4.19.0&#8243; _module_preset=&#8220;default&#8220; border_color_all=&#8220;#575756&#8243; global_colors_info=&#8220;{}&#8220;][et_pb_circle_counter title=&#8220;0-9 Punkte&#8220; bar_bg_color=&#8220;#A01313&#8243; _builder_version=&#8220;4.19.0&#8243; _module_preset=&#8220;default&#8220; title_font=&#8220;||||||||&#8220; title_text_color=&#8220;#575756&#8243; number_font=&#8220;|600|||||||&#8220; number_text_color=&#8220;#A01313&#8243; background_color=&#8220;RGBA(255,255,255,0)&#8220; hover_enabled=&#8220;0&#8243; border_color_all=&#8220;#575756&#8243; global_colors_info=&#8220;{}&#8220; number=&#8220;20&#8243; sticky_enabled=&#8220;0&#8243;][\/et_pb_circle_counter][et_pb_text _builder_version=&#8220;4.19.0&#8243; _module_preset=&#8220;default&#8220; text_font=&#8220;|600|||||||&#8220; text_text_color=&#8220;#575756&#8243; background_color=&#8220;RGBA(255,255,255,0)&#8220; border_color_all=&#8220;#575756&#8243; global_colors_info=&#8220;{}&#8220;]<\/p>\n<p style=\"text-align: center;\"><strong>Anf\u00e4nger<\/strong><\/p>\n<p style=\"text-align: center;\">Wie du das M\u00e4dchen entf\u00fchren konntest, ist mir ein R\u00e4tsel! Pass jetzt gut auf, dass die Polizei nicht doch auf dich aufmerksam wird.<\/p>\n<p>[\/et_pb_text][\/et_pb_column][\/et_pb_row][\/et_pb_section]<\/p>\n","protected":false},"excerpt":{"rendered":"<p>Deine Punkte0Ranking &nbsp;Meisterhafter Verbrecher Bravo! Du konntest die Polizei erfolgreich absch\u00fctteln und deine Tat vertuschen. Andere Verbrecher k\u00f6nnen echt was von dir lernen!Guter Ganove Sehr gut gemacht! Die Polizei sollte erstmal kein Problem mehr f\u00fcr dich sein, doch n\u00e4chstes mal solltest du vorsichtiger sein, damit das auch so bleibt.Kleinkrimineller Nun ja&#8230; das h\u00e4tte besser laufen [&hellip;]<\/p>\n","protected":false},"author":7,"featured_media":0,"parent":1278,"menu_order":0,"comment_status":"closed","ping_status":"closed","template":"","meta":{"_et_pb_use_builder":"on","_et_pb_old_content":"<!-- wp:paragraph -->\n<p>Dies ist eine Beispiel-Seite. Sie unterscheidet sich von Beitr\u00e4gen, da sie stets an derselben Stelle bleibt und (bei den meisten Themes) in der Website-Navigation angezeigt wird. Die meisten starten mit einem Impressum, der Datenschutzerkl\u00e4rung oder einer \u201e\u00dcber&nbsp;uns\u201c-Seite, um sich potenziellen Besuchern der Website vorzustellen. Dort k\u00f6nnte zum Beispiel stehen:<\/p>\n<!-- \/wp:paragraph -->\n\n<!-- wp:quote -->\n<blockquote class=\"wp-block-quote\"><p>Hallo! Tags\u00fcber arbeite ich als Fahrradkurier, nachts bin ich ein aufstrebender Schauspieler und dies hier ist meine Website. Ich lebe in Berlin, habe einen gro\u00dfen Hund namens Jack, mag Pi\u00f1a Coladas, jedoch weniger (ohne Schirm) im Regen stehen gelassen zu werden.<\/p><\/blockquote>\n<!-- \/wp:quote -->\n\n<!-- wp:paragraph -->\n<p>...oder so etwas wie das hier:<\/p>\n<!-- \/wp:paragraph -->\n\n<!-- wp:quote -->\n<blockquote class=\"wp-block-quote\"><p>Das Unternehmen XYZ wurde 1971 gegr\u00fcndet und versorgt die \u00d6ffentlichkeit seither mit qualitativ hochwertigen Produkten. An seinem Standort in einer kleinen Gro\u00dfstadt besch\u00e4ftigt der Betrieb \u00fcber 2.000 Menschen und unterst\u00fctzt die Stadtbewohner in vielfacher Hinsicht.<\/p><\/blockquote>\n<!-- \/wp:quote -->\n\n<!-- wp:paragraph -->\n<p>Als neuer WordPress-Benutzer solltest du <a href=\"https:\/\/eisesschatten-escape-game.de\/wp-admin\/\">dein Dashboard<\/a> aufrufen, um diese Seite zu l\u00f6schen und neue Seiten und Beitr\u00e4ge f\u00fcr deine Website erstellen. Viel Spa\u00df!<\/p>\n<!-- \/wp:paragraph -->","_et_gb_content_width":"","inline_featured_image":false,"footnotes":""},"class_list":["post-4692","page","type-page","status-publish","hentry"],"_links":{"self":[{"href":"https:\/\/eisesschatten-escape-game.de\/index.php?rest_route=\/wp\/v2\/pages\/4692","targetHints":{"allow":["GET"]}}],"collection":[{"href":"https:\/\/eisesschatten-escape-game.de\/index.php?rest_route=\/wp\/v2\/pages"}],"about":[{"href":"https:\/\/eisesschatten-escape-game.de\/index.php?rest_route=\/wp\/v2\/types\/page"}],"author":[{"embeddable":true,"href":"https:\/\/eisesschatten-escape-game.de\/index.php?rest_route=\/wp\/v2\/users\/7"}],"replies":[{"embeddable":true,"href":"https:\/\/eisesschatten-escape-game.de\/index.php?rest_route=%2Fwp%2Fv2%2Fcomments&post=4692"}],"version-history":[{"count":11,"href":"https:\/\/eisesschatten-escape-game.de\/index.php?rest_route=\/wp\/v2\/pages\/4692\/revisions"}],"predecessor-version":[{"id":5026,"href":"https:\/\/eisesschatten-escape-game.de\/index.php?rest_route=\/wp\/v2\/pages\/4692\/revisions\/5026"}],"up":[{"embeddable":true,"href":"https:\/\/eisesschatten-escape-game.de\/index.php?rest_route=\/wp\/v2\/pages\/1278"}],"wp:attachment":[{"href":"https:\/\/eisesschatten-escape-game.de\/index.php?rest_route=%2Fwp%2Fv2%2Fmedia&parent=4692"}],"curies":[{"name":"wp","href":"https:\/\/api.w.org\/{rel}","templated":true}]}}