{"id":352,"date":"2021-07-28T14:51:46","date_gmt":"2021-07-28T12:51:46","guid":{"rendered":"https:\/\/eisesschatten-escape-game.de\/?page_id=352"},"modified":"2022-12-05T15:37:35","modified_gmt":"2022-12-05T14:37:35","slug":"faq","status":"publish","type":"page","link":"https:\/\/eisesschatten-escape-game.de\/?page_id=352","title":{"rendered":"FAQ"},"content":{"rendered":"<p>[et_pb_section fb_built=&#8220;1&#8243; _builder_version=&#8220;4.19.0&#8243; background_image=&#8220;https:\/\/eisesschatten-escape-game.de\/wp-content\/uploads\/2022\/11\/P2801-OEG-Eisesschatten-00-Hintergrund.jpg&#8220; min_height=&#8220;1000px&#8220; hover_enabled=&#8220;0&#8243; global_colors_info=&#8220;{}&#8220; title_text=&#8220;P2801-OEG-Eisesschatten-00-Hintergrund&#8220; sticky_enabled=&#8220;0&#8243;][et_pb_row _builder_version=&#8220;4.16&#8243; min_height=&#8220;901.9px&#8220; hover_enabled=&#8220;0&#8243; global_colors_info=&#8220;{}&#8220; sticky_enabled=&#8220;0&#8243;][et_pb_column type=&#8220;4_4&#8243; _builder_version=&#8220;4.16&#8243; global_colors_info=&#8220;{}&#8220;][et_pb_accordion open_toggle_text_color=&#8220;#1E1E1E&#8220; open_toggle_background_color=&#8220;#006069&#8243; closed_toggle_text_color=&#8220;#1E1E1E&#8220; closed_toggle_background_color=&#8220;#006069&#8243; icon_color=&#8220;#3C3C3C&#8220; _builder_version=&#8220;4.19.0&#8243; toggle_text_color=&#8220;#1E1E1E&#8220; toggle_font=&#8220;|700|||||||&#8220; body_text_color=&#8220;#FFFFFF&#8220; background_color=&#8220;RGBA(255,255,255,0)&#8220; hover_enabled=&#8220;0&#8243; global_colors_info=&#8220;{}&#8220; sticky_enabled=&#8220;0&#8243;][et_pb_accordion_item title=&#8220;Technik&#8220; open=&#8220;on&#8220; open_toggle_text_color=&#8220;#FFFFFF&#8220; closed_toggle_text_color=&#8220;#FFFFFF&#8220; icon_color=&#8220;#FFFFFF&#8220; _builder_version=&#8220;4.19.0&#8243; body_text_color=&#8220;#FFFFFF&#8220; background_color=&#8220;#575756&#8243; background_enable_color=&#8220;on&#8220; hover_enabled=&#8220;0&#8243; border_width_all=&#8220;0px&#8220; global_colors_info=&#8220;{}&#8220; toggle_text_color=&#8220;#FFFFFF&#8220; sticky_enabled=&#8220;0&#8243;]<\/p>\n<p>Wir empfehlen, das Spiel ausschlie\u00dflich am Desktop-PC oder Laptop zu spielen, da einzelne Elemente nicht f\u00fcr mobile Endger\u00e4te geeignet sind. Als Browser empfehlen wir je nach Betriebssystem Google Chrome, Firefox oder Safari.<\/p>\n<p>Vergesst nicht, euren Ad-Blocker zu deaktivieren.<\/p>\n<p>[\/et_pb_accordion_item][et_pb_accordion_item title=&#8220;Hilfsmittel&#8220; open_toggle_text_color=&#8220;#FFFFFF&#8220; closed_toggle_text_color=&#8220;#FFFFFF&#8220; icon_color=&#8220;#FFFFFF&#8220; _builder_version=&#8220;4.19.0&#8243; body_text_color=&#8220;#FFFFFF&#8220; background_color=&#8220;#575756&#8243; background_enable_color=&#8220;on&#8220; hover_enabled=&#8220;0&#8243; border_width_all=&#8220;0px&#8220; global_colors_info=&#8220;{}&#8220; toggle_text_color=&#8220;#FFFFFF&#8220; open=&#8220;off&#8220; sticky_enabled=&#8220;0&#8243;]<\/p>\n<p><span>Legt euch einen Block und einen Stift bereit und notiert alles (und wir meinen wirklich alles), was ihr f\u00fcr relevant haltet. Es k\u00f6nnte euch zu einem sp\u00e4teren Zeitpunkt hilfreich werden.<\/span><\/p>\n<p>[\/et_pb_accordion_item][et_pb_accordion_item title=&#8220;Punktesystem&#8220; open_toggle_text_color=&#8220;#FFFFFF&#8220; closed_toggle_text_color=&#8220;#FFFFFF&#8220; icon_color=&#8220;#FFFFFF&#8220; _builder_version=&#8220;4.19.0&#8243; body_text_color=&#8220;#FFFFFF&#8220; background_color=&#8220;#575756&#8243; background_enable_color=&#8220;on&#8220; hover_enabled=&#8220;0&#8243; border_width_all=&#8220;0px&#8220; global_colors_info=&#8220;{}&#8220; toggle_text_color=&#8220;#FFFFFF&#8220; open=&#8220;off&#8220; sticky_enabled=&#8220;0&#8243;]<\/p>\n<p><span>F\u00fcr jedes erfolgreich gel\u00f6ste R\u00e4tsel bekommt ihr Pluspunkte, die euch am Ende euren Rang verraten. Beachtet, dass jeder in Anspruch genommene Hinweis wertvolle Punkte kostet.<\/span><\/p>\n<p>[\/et_pb_accordion_item][et_pb_accordion_item title=&#8220;L\u00f6sung vergessen?&#8220; open_toggle_text_color=&#8220;#FFFFFF&#8220; closed_toggle_text_color=&#8220;#FFFFFF&#8220; icon_color=&#8220;#FFFFFF&#8220; _builder_version=&#8220;4.19.0&#8243; body_text_color=&#8220;#FFFFFF&#8220; background_color=&#8220;#575756&#8243; background_enable_color=&#8220;on&#8220; hover_enabled=&#8220;0&#8243; border_width_all=&#8220;0px&#8220; global_colors_info=&#8220;{}&#8220; toggle_text_color=&#8220;#FFFFFF&#8220; open=&#8220;off&#8220; sticky_enabled=&#8220;0&#8243;]<\/p>\n<p><span>Du musstest das Spiel unterbrechen und hast die L\u00f6sungen vergessen? Frage einfach deine Teammitglieder nach den fehlenden L\u00f6sungen. Wenn du einen Hinweis in Anspruch nimmst, verringern sich eure Teampunkte \u2013 das kommt bei den Anderen nicht so gut an.<\/span><\/p>\n<p>[\/et_pb_accordion_item][et_pb_accordion_item title=&#8220;Wartet aufeinander!&#8220; open_toggle_text_color=&#8220;#FFFFFF&#8220; closed_toggle_text_color=&#8220;#FFFFFF&#8220; icon_color=&#8220;#FFFFFF&#8220; _builder_version=&#8220;4.19.0&#8243; body_text_color=&#8220;#FFFFFF&#8220; background_color=&#8220;#575756&#8243; background_enable_color=&#8220;on&#8220; hover_enabled=&#8220;0&#8243; border_width_all=&#8220;0px&#8220; global_colors_info=&#8220;{}&#8220; toggle_text_color=&#8220;#FFFFFF&#8220; open=&#8220;off&#8220; sticky_enabled=&#8220;0&#8243;]<\/p>\n<p><span>Ihr spielt als Team! Die Nachz\u00fcgler bekommen per Pop-up immer die L\u00f6sung des aktuellen R\u00e4tsels angezeigt. Wenn eure Teammitglieder bereits zwei, drei R\u00e4tsel weiter sind, m\u00fcssen sie euch die L\u00f6sung mitteilen. Daher ist es wichtig, dass ihr euch bei dem gleichen R\u00e4tsel befindet bzw. maximal ein R\u00e4tsel im R\u00fcckstand oder vorausseid.<\/span><\/p>\n<p>[\/et_pb_accordion_item][et_pb_accordion_item title=&#8220;Falsches Team?&#8220; open_toggle_text_color=&#8220;#FFFFFF&#8220; closed_toggle_text_color=&#8220;#FFFFFF&#8220; icon_color=&#8220;#FFFFFF&#8220; _builder_version=&#8220;4.19.0&#8243; body_text_color=&#8220;#FFFFFF&#8220; background_color=&#8220;#575756&#8243; background_enable_color=&#8220;on&#8220; hover_enabled=&#8220;0&#8243; border_width_all=&#8220;0px&#8220; global_colors_info=&#8220;{}&#8220; toggle_text_color=&#8220;#FFFFFF&#8220; open=&#8220;off&#8220; sticky_enabled=&#8220;0&#8243;]<\/p>\n<p><span>Kein Problem! Verlasse einfach das Team, dann kannst du die korrekte Team-ID eingeben und so deinem Team beitreten.<\/span><\/p>\n<p>[\/et_pb_accordion_item][et_pb_accordion_item title=&#8220;Ihr m\u00fcsst eine Pause einlegen?&#8220; open_toggle_text_color=&#8220;#FFFFFF&#8220; closed_toggle_text_color=&#8220;#FFFFFF&#8220; icon_color=&#8220;#FFFFFF&#8220; _builder_version=&#8220;4.19.0&#8243; body_text_color=&#8220;#FFFFFF&#8220; background_color=&#8220;#575756&#8243; background_enable_color=&#8220;on&#8220; hover_enabled=&#8220;0&#8243; border_width_all=&#8220;0px&#8220; global_colors_info=&#8220;{}&#8220; toggle_text_color=&#8220;#FFFFFF&#8220; open=&#8220;off&#8220; sticky_enabled=&#8220;0&#8243;]<\/p>\n<p>Kein Problem! Die Synchronisierung eures Teams bleibt so lange bestehen, bis ihr das Team aktiv verlasst. Ihr k\u00f6nnt sogar den Browser oder das Fenster schlie\u00dfen. Doch bedenkt, dass ihr dann die L\u00f6sungen erneut eingeben m\u00fcsst.<\/p>\n<p>Der Punktestand des gesamten Teams bleibt davon unber\u00fchrt.<\/p>\n<p>[\/et_pb_accordion_item][et_pb_accordion_item title=&#8220;Fehler! Falsche L\u00f6sung? Es geht nicht weiter!&#8220; open_toggle_text_color=&#8220;#FFFFFF&#8220; closed_toggle_text_color=&#8220;#FFFFFF&#8220; icon_color=&#8220;#FFFFFF&#8220; _builder_version=&#8220;4.19.0&#8243; body_text_color=&#8220;#FFFFFF&#8220; background_color=&#8220;#575756&#8243; background_enable_color=&#8220;on&#8220; hover_enabled=&#8220;0&#8243; border_width_all=&#8220;0px&#8220; global_colors_info=&#8220;{}&#8220; toggle_text_color=&#8220;#FFFFFF&#8220; open=&#8220;off&#8220; sticky_enabled=&#8220;0&#8243;]<\/p>\n<p>In seltenen F\u00e4llen kommt es bei Apple-Endger\u00e4ten vereinzelt dazu, dass falsche L\u00f6sungen bei Teammitgliedern durch Dr\u00fccken von \u201eEnter\u201c als richtig angezeigt werden. Bitte beachtet, dass die L\u00f6sung jeweils nur korrekt ist, wenn euch \u2013 nach Eingabe der L\u00f6sung \u2013 ein Button unter dem L\u00f6sungsfeld angezeigt wird.<\/p>\n<p>Wenn ihr eine L\u00f6sung aus dem L\u00f6sungsbereich bei den Hinweisen kopiert und ins L\u00f6sungsfeld einf\u00fcgt, kann ein verstecktes Leerzeichen versehentlich mit hineinkopiert werden, sodass der Button nicht erscheint. Stellt daher sicher, dass kein solches Zeichen vor oder hinter der eigentlichen L\u00f6sung steht.<\/p>\n<p>[\/et_pb_accordion_item][et_pb_accordion_item title=&#8220;Browser-Cache&#8220; open_toggle_text_color=&#8220;#FFFFFF&#8220; closed_toggle_text_color=&#8220;#FFFFFF&#8220; icon_color=&#8220;#FFFFFF&#8220; _builder_version=&#8220;4.19.0&#8243; body_text_color=&#8220;#FFFFFF&#8220; background_color=&#8220;#575756&#8243; background_enable_color=&#8220;on&#8220; hover_enabled=&#8220;0&#8243; border_width_all=&#8220;0px&#8220; global_colors_info=&#8220;{}&#8220; toggle_text_color=&#8220;#FFFFFF&#8220; open=&#8220;off&#8220; sticky_enabled=&#8220;0&#8243;]<\/p>\n<p><span>Sobald du den Cache deines Browsers l\u00f6schst, geht die Verkn\u00fcpfung mit deinem Team f\u00fcr dich verloren. Du musst deinem Team dann erneut beitreten oder ein neues Team erstellen.<\/span><\/p>\n<p>[\/et_pb_accordion_item][\/et_pb_accordion][\/et_pb_column][\/et_pb_row][\/et_pb_section]<\/p>\n","protected":false},"excerpt":{"rendered":"<p>Wir empfehlen, das Spiel ausschlie\u00dflich am Desktop-PC oder Laptop zu spielen, da einzelne Elemente nicht f\u00fcr mobile Endger\u00e4te geeignet sind. Als Browser empfehlen wir je nach Betriebssystem Google Chrome, Firefox oder Safari. Vergesst nicht, euren Ad-Blocker zu deaktivieren.Legt euch einen Block und einen Stift bereit und notiert alles (und wir meinen wirklich alles), was ihr [&hellip;]<\/p>\n","protected":false},"author":7,"featured_media":0,"parent":1278,"menu_order":0,"comment_status":"closed","ping_status":"closed","template":"","meta":{"_et_pb_use_builder":"on","_et_pb_old_content":"","_et_gb_content_width":"","inline_featured_image":false,"footnotes":""},"class_list":["post-352","page","type-page","status-publish","hentry"],"_links":{"self":[{"href":"https:\/\/eisesschatten-escape-game.de\/index.php?rest_route=\/wp\/v2\/pages\/352","targetHints":{"allow":["GET"]}}],"collection":[{"href":"https:\/\/eisesschatten-escape-game.de\/index.php?rest_route=\/wp\/v2\/pages"}],"about":[{"href":"https:\/\/eisesschatten-escape-game.de\/index.php?rest_route=\/wp\/v2\/types\/page"}],"author":[{"embeddable":true,"href":"https:\/\/eisesschatten-escape-game.de\/index.php?rest_route=\/wp\/v2\/users\/7"}],"replies":[{"embeddable":true,"href":"https:\/\/eisesschatten-escape-game.de\/index.php?rest_route=%2Fwp%2Fv2%2Fcomments&post=352"}],"version-history":[{"count":36,"href":"https:\/\/eisesschatten-escape-game.de\/index.php?rest_route=\/wp\/v2\/pages\/352\/revisions"}],"predecessor-version":[{"id":4965,"href":"https:\/\/eisesschatten-escape-game.de\/index.php?rest_route=\/wp\/v2\/pages\/352\/revisions\/4965"}],"up":[{"embeddable":true,"href":"https:\/\/eisesschatten-escape-game.de\/index.php?rest_route=\/wp\/v2\/pages\/1278"}],"wp:attachment":[{"href":"https:\/\/eisesschatten-escape-game.de\/index.php?rest_route=%2Fwp%2Fv2%2Fmedia&parent=352"}],"curies":[{"name":"wp","href":"https:\/\/api.w.org\/{rel}","templated":true}]}}